{"id":2642,"date":"2023-05-11T09:32:29","date_gmt":"2023-05-11T07:32:29","guid":{"rendered":"https:\/\/strohteam.fr\/?page_id=2642"},"modified":"2023-05-30T10:44:46","modified_gmt":"2023-05-30T08:44:46","slug":"villa-le-mazet","status":"publish","type":"page","link":"https:\/\/strohteam.fr\/index.php\/villa-le-mazet\/","title":{"rendered":"Villa Le Mazet"},"content":{"rendered":"\n<h1 class=\"wp-block-heading\">Villa Le Mazet \/ La Cride \/ Sanary \/ Var<\/h1>\n\n\n\n<p>Cette page collecte les photos et illustrations de la Villa du Mazet, maison de vacances de Georges, Ren\u00e9, Anne-Marie et Denise enfants. Cela avant l&rsquo;adolescence et la maison d\u2019Ollioules . Un eldorado m\u00e9moriel pour eux&#8230; ?<\/p>\n\n\n\n<div class=\"wp-block-columns is-layout-flex wp-container-core-columns-is-layout-1 wp-block-columns-is-layout-flex\">\n<div class=\"wp-block-column is-layout-flow wp-block-column-is-layout-flow\">\n<figure class=\"wp-block-image size-large\"><a href=\"https:\/\/strohteam.fr\/index.php\/villa-le-mazet\/vm-recto002-l-1\/\"><img loading=\"lazy\" decoding=\"async\" width=\"1240\" height=\"774\" src=\"https:\/\/strohteam.fr\/wp-content\/uploads\/2023\/05\/VM-recto002-L-1-1240x774.jpg\" alt=\"\" class=\"wp-image-2648\" srcset=\"https:\/\/strohteam.fr\/wp-content\/uploads\/2023\/05\/VM-recto002-L-1-980x611.jpg 980w, https:\/\/strohteam.fr\/wp-content\/uploads\/2023\/05\/VM-recto002-L-1-480x300.jpg 480w\" sizes=\"auto, (min-width: 0px) and (max-width: 480px) 480px, (min-width: 481px) and (max-width: 980px) 980px, (min-width: 981px) 1240px, 100vw\" \/><\/a><figcaption class=\"wp-element-caption\">La Villa !<\/figcaption><\/figure>\n<\/div>\n\n\n\n<div class=\"wp-block-column is-layout-flow wp-block-column-is-layout-flow\">\n<figure class=\"wp-block-image size-full\"><a href=\"https:\/\/strohteam.fr\/index.php\/villa-le-mazet\/vm-recto003-l\/\"><img loading=\"lazy\" decoding=\"async\" width=\"900\" height=\"548\" src=\"https:\/\/strohteam.fr\/wp-content\/uploads\/2023\/05\/VM-recto003-L.jpg\" alt=\"\" class=\"wp-image-2649\" srcset=\"https:\/\/strohteam.fr\/wp-content\/uploads\/2023\/05\/VM-recto003-L.jpg 900w, https:\/\/strohteam.fr\/wp-content\/uploads\/2023\/05\/VM-recto003-L-480x292.jpg 480w\" sizes=\"auto, (min-width: 0px) and (max-width: 480px) 480px, (min-width: 481px) 900px, 100vw\" \/><\/a><\/figure>\n<\/div>\n<\/div>\n\n\n\n<div class=\"wp-block-columns is-layout-flex wp-container-core-columns-is-layout-2 wp-block-columns-is-layout-flex\">\n<div class=\"wp-block-column is-layout-flow wp-block-column-is-layout-flow\">\n<figure class=\"wp-block-image size-large\"><a href=\"https:\/\/strohteam.fr\/index.php\/villa-le-mazet\/img_20230503_095353-l-1\/\"><img loading=\"lazy\" decoding=\"async\" width=\"1240\" height=\"953\" src=\"https:\/\/strohteam.fr\/wp-content\/uploads\/2023\/05\/IMG_20230503_095353-L-1-1240x953.jpg\" alt=\"\" class=\"wp-image-2652\" srcset=\"https:\/\/strohteam.fr\/wp-content\/uploads\/2023\/05\/IMG_20230503_095353-L-1-980x753.jpg 980w, https:\/\/strohteam.fr\/wp-content\/uploads\/2023\/05\/IMG_20230503_095353-L-1-480x369.jpg 480w\" sizes=\"auto, (min-width: 0px) and (max-width: 480px) 480px, (min-width: 481px) and (max-width: 980px) 980px, (min-width: 981px) 1240px, 100vw\" \/><\/a><figcaption class=\"wp-element-caption\">La Villa par Ghislain Ury<\/figcaption><\/figure>\n<\/div>\n\n\n\n<div class=\"wp-block-column is-layout-flow wp-block-column-is-layout-flow\"><\/div>\n<\/div>\n\n\n\n<figure class=\"wp-block-image aligncenter size-full is-resized\"><a href=\"https:\/\/strohteam.fr\/index.php\/villa-le-mazet\/fratrie-des-pirates-l\/\"><img loading=\"lazy\" decoding=\"async\" src=\"https:\/\/strohteam.fr\/wp-content\/uploads\/2023\/05\/Fratrie-des-Pirates-L.jpg\" alt=\"\" class=\"wp-image-2655\" width=\"518\" height=\"536\" srcset=\"https:\/\/strohteam.fr\/wp-content\/uploads\/2023\/05\/Fratrie-des-Pirates-L.jpg 518w, https:\/\/strohteam.fr\/wp-content\/uploads\/2023\/05\/Fratrie-des-Pirates-L-480x497.jpg 480w\" sizes=\"auto, (min-width: 0px) and (max-width: 480px) 480px, (min-width: 481px) 518px, 100vw\" \/><\/a><figcaption class=\"wp-element-caption\">Les Pirates vers 1941 dans le jardin de la Villa<\/figcaption><\/figure>\n\n\n\n<p><\/p>\n\n\n\n<div class=\"wp-block-columns is-layout-flex wp-container-core-columns-is-layout-3 wp-block-columns-is-layout-flex\">\n<div class=\"wp-block-column is-layout-flow wp-block-column-is-layout-flow\">\n<figure class=\"wp-block-image size-large is-resized\"><a href=\"https:\/\/strohteam.fr\/index.php\/villa-le-mazet\/img058-tantine-george-gp-gm-1937\/\"><img loading=\"lazy\" decoding=\"async\" src=\"https:\/\/strohteam.fr\/wp-content\/uploads\/2023\/05\/img058-Tantine-George-GP-GM-1937-1240x828.jpg\" alt=\"\" class=\"wp-image-2774\" width=\"487\" height=\"325\"\/><\/a><\/figure>\n<\/div>\n\n\n\n<div class=\"wp-block-column is-layout-flow wp-block-column-is-layout-flow\">\n<figure class=\"wp-block-image size-large is-resized\"><a href=\"https:\/\/strohteam.fr\/index.php\/villa-le-mazet\/zoomtantine-george-gp-gm-1937-4\/\"><img loading=\"lazy\" decoding=\"async\" src=\"https:\/\/strohteam.fr\/wp-content\/uploads\/2023\/05\/zoomTantine-George-GP-GM-1937-1240x827.jpg\" alt=\"\" class=\"wp-image-2779\" width=\"487\" height=\"324\"\/><\/a><figcaption class=\"wp-element-caption\">Adrienne,Georges, Jean-Louis, Maryse, Germaine amie de Maryse, Ren\u00e9 ,Vincent Baudoin et un couple non identifi\u00e9 en bas des marches<\/figcaption><\/figure>\n<\/div>\n<\/div>\n\n\n\n<div class=\"wp-block-columns is-layout-flex wp-container-core-columns-is-layout-4 wp-block-columns-is-layout-flex\">\n<div class=\"wp-block-column is-layout-flow wp-block-column-is-layout-flow\">\n<figure class=\"wp-block-image size-full\"><a href=\"https:\/\/strohteam.fr\/index.php\/villa-le-mazet\/img062-mazet\/\"><img loading=\"lazy\" decoding=\"async\" width=\"701\" height=\"1000\" src=\"https:\/\/strohteam.fr\/wp-content\/uploads\/2023\/05\/img062-Mazet.jpg\" alt=\"\" class=\"wp-image-2780\" srcset=\"https:\/\/strohteam.fr\/wp-content\/uploads\/2023\/05\/img062-Mazet.jpg 701w, https:\/\/strohteam.fr\/wp-content\/uploads\/2023\/05\/img062-Mazet-480x685.jpg 480w\" sizes=\"auto, (min-width: 0px) and (max-width: 480px) 480px, (min-width: 481px) 701px, 100vw\" \/><\/a><figcaption class=\"wp-element-caption\">Vincent Baudoin, ses 2 filles Maryse et Adrienne. Georges et Ren\u00e9.<\/figcaption><\/figure>\n<\/div>\n\n\n\n<div class=\"wp-block-column is-layout-flow wp-block-column-is-layout-flow\">\n<figure class=\"wp-block-image aligncenter size-full\"><a href=\"https:\/\/strohteam.fr\/index.php\/villa-le-mazet\/img063-mazet\/\"><img loading=\"lazy\" decoding=\"async\" width=\"969\" height=\"1000\" src=\"https:\/\/strohteam.fr\/wp-content\/uploads\/2023\/05\/img063-Mazet.jpg\" alt=\"\" class=\"wp-image-2781\" srcset=\"https:\/\/strohteam.fr\/wp-content\/uploads\/2023\/05\/img063-Mazet.jpg 969w, https:\/\/strohteam.fr\/wp-content\/uploads\/2023\/05\/img063-Mazet-480x495.jpg 480w\" sizes=\"auto, (min-width: 0px) and (max-width: 480px) 480px, (min-width: 481px) 969px, 100vw\" \/><\/a><figcaption class=\"wp-element-caption\">De gauche \u00e0 droite, Oncle Louis Borel, Vincent Baudoin, Georges, Ren\u00e9, Ferdinand Barth\u00e9l\u00e9my, Pierre Barth\u00e9l\u00e9my<\/figcaption><\/figure>\n<\/div>\n<\/div>\n","protected":false},"excerpt":{"rendered":"<p>Villa Le Mazet \/ La Cride \/ Sanary \/ Var Cette page collecte les photos et illustrations de la Villa du Mazet, maison de vacances de Georges, Ren\u00e9, Anne-Marie et Denise enfants. Cela avant l&rsquo;adolescence et la maison d\u2019Ollioules . Un eldorado m\u00e9moriel pour eux&#8230; ?<\/p>\n","protected":false},"author":2,"featured_media":2661,"parent":0,"menu_order":0,"comment_status":"closed","ping_status":"closed","template":"","meta":{"_et_pb_use_builder":"off","_et_pb_old_content":"<!-- wp:paragraph -->\n<p><strong>Liens et documents concernant Madeleine Horst, sans hi\u00e9rarchie ou m\u00e9thode de classement.<\/strong><\/p>\n<!-- \/wp:paragraph -->\n\n<!-- wp:heading {\"fontSize\":\"large\"} -->\n<h2 class=\"has-large-font-size\">Liens Madeleine Horst<\/h2>\n<!-- \/wp:heading -->\n\n<!-- wp:table -->\n<figure class=\"wp-block-table\"><table><tbody><tr><td><strong>Wikip\u00e9dia<\/strong>. Tante Madeleine n'\u00e9tait pas Alsacienne d'adoption. A corriger !<\/td><td><a href=\"https:\/\/fr.wikipedia.org\/wiki\/Madeleine_Horst\" target=\"_blank\" rel=\"noreferrer noopener\">https:\/\/fr.wikipedia.org\/wiki\/Madeleine_Horst<\/a><\/td><\/tr><tr><td><strong>Article<\/strong>: Intime Conviction.<\/td><td><a href=\"https:\/\/strohteam.fr\/index.php\/2023\/04\/18\/intimeconviction\/\" target=\"_blank\" rel=\"noreferrer noopener\">https:\/\/strohteam.fr\/index.php\/2023\/04\/18\/intimeconviction\/<\/a><\/td><\/tr><tr><td><strong>Article<\/strong> La proph\u00e9tie d\u2019Albert Schweitzer.<\/td><td><a href=\"https:\/\/strohteam.fr\/index.php\/2023\/04\/12\/m-horst-ecrit-sur-a-schweitzer\/\" target=\"_blank\" rel=\"noreferrer noopener\">https:\/\/strohteam.fr\/index.php\/2023\/04\/12\/m-horst-ecrit-sur-a-schweitzer\/<\/a><\/td><\/tr><tr><td><strong>Article<\/strong>: Ru\u00e9e vers l'ouest 1918.<\/td><td><a href=\"https:\/\/strohteam.fr\/index.php\/2023\/04\/19\/ruee-vers-louest-1918\/\" target=\"_blank\" rel=\"noreferrer noopener\">https:\/\/strohteam.fr\/index.php\/2023\/04\/19\/ruee-vers-louest-1918\/<\/a><\/td><\/tr><tr><td><strong>Article<\/strong>: Le Jingobiloba<\/td><td><a href=\"https:\/\/strohteam.fr\/index.php\/2023\/05\/08\/le-jingobiloba\/\">https:\/\/strohteam.fr\/index.php\/2023\/05\/08\/le-jingobiloba\/<\/a><\/td><\/tr><\/tbody><\/table><figcaption class=\"wp-element-caption\">Les liens Madeleine Horst<\/figcaption><\/figure>\n<!-- \/wp:table -->\n\n<!-- wp:heading {\"fontSize\":\"large\"} -->\n<h2 class=\"has-large-font-size\">Documents Madeleine Horst<\/h2>\n<!-- \/wp:heading -->\n\n<!-- wp:image {\"id\":1035,\"width\":560,\"height\":471,\"sizeSlug\":\"large\",\"linkDestination\":\"media\",\"style\":{\"color\":{}}} -->\n<figure class=\"wp-block-image size-large is-resized\"><a href=\"https:\/\/strohteam.fr\/wp-content\/uploads\/2023\/04\/TM90ans.jpg\"><img src=\"https:\/\/strohteam.fr\/wp-content\/uploads\/2023\/04\/TM90ans-1024x861.jpg\" alt=\"\" class=\"wp-image-1035\" width=\"560\" height=\"471\"\/><\/a><\/figure>\n<!-- \/wp:image -->\n\n<!-- wp:table -->\n<figure class=\"wp-block-table\"><table><tbody><tr><td><img class=\"wp-image-1648\" style=\"width: 200px;\" src=\"https:\/\/strohteam.fr\/wp-content\/uploads\/2023\/04\/La-Nef.jpg\" alt=\"\"><\/td><td><img class=\"wp-image-1647\" style=\"width: 700px;\" src=\"https:\/\/strohteam.fr\/wp-content\/uploads\/2023\/04\/Commentaire.jpg\" alt=\"\"><\/td><\/tr><\/tbody><\/table><figcaption class=\"wp-element-caption\">La Nef des Fous traduit par Madeleine<\/figcaption><\/figure>\n<!-- \/wp:table -->\n\n<!-- wp:paragraph -->\n<p><\/p>\n<!-- \/wp:paragraph -->\n\n<!-- wp:image {\"id\":1671,\"width\":478,\"height\":424,\"sizeSlug\":\"large\",\"linkDestination\":\"media\"} -->\n<figure class=\"wp-block-image size-large is-resized\"><a href=\"https:\/\/strohteam.fr\/wp-content\/uploads\/2023\/04\/LaNefDesFous.jpg\"><img src=\"https:\/\/strohteam.fr\/wp-content\/uploads\/2023\/04\/LaNefDesFous-1024x910.jpg\" alt=\"\" class=\"wp-image-1671\" width=\"478\" height=\"424\"\/><\/a><\/figure>\n<!-- \/wp:image -->\n\n<!-- wp:file {\"id\":2315,\"href\":\"https:\/\/strohteam.fr\/wp-content\/uploads\/2023\/05\/TM-academie-FR.pdf\",\"showDownloadButton\":false,\"displayPreview\":true} -->\n<div class=\"wp-block-file\"><object class=\"wp-block-file__embed\" data=\"https:\/\/strohteam.fr\/wp-content\/uploads\/2023\/05\/TM-academie-FR.pdf\" type=\"application\/pdf\" style=\"width:100%;height:600px\" aria-label=\"TM-academie-FR\"><\/object><a id=\"wp-block-file--media-47a0adf1-95f9-49e1-b201-fb343a783e83\" href=\"https:\/\/strohteam.fr\/wp-content\/uploads\/2023\/05\/TM-academie-FR.pdf\">TM-academie-FR<\/a><\/div>\n<!-- \/wp:file -->\n\n<!-- wp:file {\"id\":2313,\"href\":\"https:\/\/strohteam.fr\/wp-content\/uploads\/2023\/05\/TMartrespect003.pdf\",\"showDownloadButton\":false,\"displayPreview\":true} -->\n<div class=\"wp-block-file\"><object class=\"wp-block-file__embed\" data=\"https:\/\/strohteam.fr\/wp-content\/uploads\/2023\/05\/TMartrespect003.pdf\" type=\"application\/pdf\" style=\"width:100%;height:600px\" aria-label=\"TMartrespect003\"><\/object><a id=\"wp-block-file--media-47a0adf1-95f9-49e1-b201-fb343a783e83\" href=\"https:\/\/strohteam.fr\/wp-content\/uploads\/2023\/05\/TMartrespect003.pdf\">TMartrespect003<\/a><\/div>\n<!-- \/wp:file -->\n\n<!-- wp:file {\"id\":1859,\"href\":\"https:\/\/strohteam.fr\/wp-content\/uploads\/2023\/04\/TM-Noel-d-Antan.pdf\",\"showDownloadButton\":false,\"displayPreview\":true} -->\n<div class=\"wp-block-file\"><object class=\"wp-block-file__embed\" data=\"https:\/\/strohteam.fr\/wp-content\/uploads\/2023\/04\/TM-Noel-d-Antan.pdf\" type=\"application\/pdf\" style=\"width:100%;height:600px\" aria-label=\"TM Noel d Antan\"><\/object><a id=\"wp-block-file--media-8654136b-7ba0-4b3b-94a1-89c06f08aba4\" href=\"https:\/\/strohteam.fr\/wp-content\/uploads\/2023\/04\/TM-Noel-d-Antan.pdf\">TM Noel d Antan<\/a><\/div>\n<!-- \/wp:file -->\n\n<!-- wp:file {\"id\":1677,\"href\":\"https:\/\/strohteam.fr\/wp-content\/uploads\/2023\/04\/AllocutionDR-Deco-Chevalier-TM.pdf\",\"showDownloadButton\":false,\"displayPreview\":true,\"previewHeight\":688} -->\n<div class=\"wp-block-file\"><object class=\"wp-block-file__embed\" data=\"https:\/\/strohteam.fr\/wp-content\/uploads\/2023\/04\/AllocutionDR-Deco-Chevalier-TM.pdf\" type=\"application\/pdf\" style=\"width:100%;height:688px\" aria-label=\"AllocutionDR Deco Chevalier TM\"><\/object><a id=\"wp-block-file--media-8654136b-7ba0-4b3b-94a1-89c06f08aba4\" href=\"https:\/\/strohteam.fr\/wp-content\/uploads\/2023\/04\/AllocutionDR-Deco-Chevalier-TM.pdf\">AllocutionDR Deco Chevalier TM<\/a><\/div>\n<!-- \/wp:file -->","_et_gb_content_width":"","footnotes":""},"class_list":["post-2642","page","type-page","status-publish","has-post-thumbnail","hentry"],"yoast_head":"<!-- This site is optimized with the Yoast SEO plugin v20.5 - https:\/\/yoast.com\/wordpress\/plugins\/seo\/ -->\n<title>Madeleine Horst - R\u00e9cits - Oreille en Coin - Louis-Paul Horst<\/title>\n<meta name=\"description\" content=\"Petite et grande histoires de Madelaine Horst racont\u00e9es par des documents type Journaux, interview\" \/>\n<meta name=\"robots\" content=\"index, follow, max-snippet:-1, max-image-preview:large, max-video-preview:-1\" \/>\n<link rel=\"canonical\" href=\"https:\/\/strohteam.fr\/index.php\/villa-le-mazet\/\" \/>\n<meta property=\"og:locale\" content=\"fr_FR\" \/>\n<meta property=\"og:type\" content=\"article\" \/>\n<meta property=\"og:title\" content=\"Madeleine Horst - R\u00e9cits - Oreille en Coin - Louis-Paul Horst\" \/>\n<meta property=\"og:description\" content=\"Petite et grande histoires de Madelaine Horst racont\u00e9es par des documents type Journaux, interview\" \/>\n<meta property=\"og:url\" content=\"https:\/\/strohteam.fr\/index.php\/villa-le-mazet\/\" \/>\n<meta property=\"og:site_name\" content=\"Familles Stroh &amp; Co\" \/>\n<meta property=\"article:modified_time\" content=\"2023-05-30T08:44:46+00:00\" \/>\n<meta property=\"og:image\" content=\"http:\/\/strohteam.fr\/wp-content\/uploads\/2023\/05\/pine-g4da932a2c_1280.jpg\" \/>\n\t<meta property=\"og:image:width\" content=\"1280\" \/>\n\t<meta property=\"og:image:height\" content=\"960\" \/>\n\t<meta property=\"og:image:type\" content=\"image\/jpeg\" \/>\n<meta name=\"twitter:card\" content=\"summary_large_image\" \/>\n<meta name=\"twitter:label1\" content=\"Dur\u00e9e de lecture estim\u00e9e\" \/>\n\t<meta name=\"twitter:data1\" content=\"3 minutes\" \/>\n<script type=\"application\/ld+json\" class=\"yoast-schema-graph\">{\"@context\":\"https:\/\/schema.org\",\"@graph\":[{\"@type\":\"WebPage\",\"@id\":\"https:\/\/strohteam.fr\/index.php\/villa-le-mazet\/\",\"url\":\"https:\/\/strohteam.fr\/index.php\/villa-le-mazet\/\",\"name\":\"Madeleine Horst - R\u00e9cits - Oreille en Coin - Louis-Paul Horst\",\"isPartOf\":{\"@id\":\"https:\/\/strohteam.fr\/#website\"},\"datePublished\":\"2023-05-11T07:32:29+00:00\",\"dateModified\":\"2023-05-30T08:44:46+00:00\",\"description\":\"Petite et grande histoires de Madelaine Horst racont\u00e9es par des documents type Journaux, interview\",\"breadcrumb\":{\"@id\":\"https:\/\/strohteam.fr\/index.php\/villa-le-mazet\/#breadcrumb\"},\"inLanguage\":\"fr-FR\",\"potentialAction\":[{\"@type\":\"ReadAction\",\"target\":[\"https:\/\/strohteam.fr\/index.php\/villa-le-mazet\/\"]}]},{\"@type\":\"BreadcrumbList\",\"@id\":\"https:\/\/strohteam.fr\/index.php\/villa-le-mazet\/#breadcrumb\",\"itemListElement\":[{\"@type\":\"ListItem\",\"position\":1,\"name\":\"Accueil\",\"item\":\"https:\/\/strohteam.fr\/\"},{\"@type\":\"ListItem\",\"position\":2,\"name\":\"Villa Le Mazet\"}]},{\"@type\":\"WebSite\",\"@id\":\"https:\/\/strohteam.fr\/#website\",\"url\":\"https:\/\/strohteam.fr\/\",\"name\":\"Familles Stroh &amp; Co\",\"description\":\"R\u00e9cits des familles Stroh &amp; Co du Saint Empire Germanique \u00e0 aujourd&#039;hui\",\"potentialAction\":[{\"@type\":\"SearchAction\",\"target\":{\"@type\":\"EntryPoint\",\"urlTemplate\":\"https:\/\/strohteam.fr\/?s={search_term_string}\"},\"query-input\":\"required name=search_term_string\"}],\"inLanguage\":\"fr-FR\"}]}<\/script>\n<!-- \/ Yoast SEO plugin. -->","yoast_head_json":{"title":"Madeleine Horst - R\u00e9cits - Oreille en Coin - Louis-Paul Horst","description":"Petite et grande histoires de Madelaine Horst racont\u00e9es par des documents type Journaux, interview","robots":{"index":"index","follow":"follow","max-snippet":"max-snippet:-1","max-image-preview":"max-image-preview:large","max-video-preview":"max-video-preview:-1"},"canonical":"https:\/\/strohteam.fr\/index.php\/villa-le-mazet\/","og_locale":"fr_FR","og_type":"article","og_title":"Madeleine Horst - R\u00e9cits - Oreille en Coin - Louis-Paul Horst","og_description":"Petite et grande histoires de Madelaine Horst racont\u00e9es par des documents type Journaux, interview","og_url":"https:\/\/strohteam.fr\/index.php\/villa-le-mazet\/","og_site_name":"Familles Stroh &amp; Co","article_modified_time":"2023-05-30T08:44:46+00:00","og_image":[{"width":1280,"height":960,"url":"http:\/\/strohteam.fr\/wp-content\/uploads\/2023\/05\/pine-g4da932a2c_1280.jpg","type":"image\/jpeg"}],"twitter_card":"summary_large_image","twitter_misc":{"Dur\u00e9e de lecture estim\u00e9e":"3 minutes"},"schema":{"@context":"https:\/\/schema.org","@graph":[{"@type":"WebPage","@id":"https:\/\/strohteam.fr\/index.php\/villa-le-mazet\/","url":"https:\/\/strohteam.fr\/index.php\/villa-le-mazet\/","name":"Madeleine Horst - R\u00e9cits - Oreille en Coin - Louis-Paul Horst","isPartOf":{"@id":"https:\/\/strohteam.fr\/#website"},"datePublished":"2023-05-11T07:32:29+00:00","dateModified":"2023-05-30T08:44:46+00:00","description":"Petite et grande histoires de Madelaine Horst racont\u00e9es par des documents type Journaux, interview","breadcrumb":{"@id":"https:\/\/strohteam.fr\/index.php\/villa-le-mazet\/#breadcrumb"},"inLanguage":"fr-FR","potentialAction":[{"@type":"ReadAction","target":["https:\/\/strohteam.fr\/index.php\/villa-le-mazet\/"]}]},{"@type":"BreadcrumbList","@id":"https:\/\/strohteam.fr\/index.php\/villa-le-mazet\/#breadcrumb","itemListElement":[{"@type":"ListItem","position":1,"name":"Accueil","item":"https:\/\/strohteam.fr\/"},{"@type":"ListItem","position":2,"name":"Villa Le Mazet"}]},{"@type":"WebSite","@id":"https:\/\/strohteam.fr\/#website","url":"https:\/\/strohteam.fr\/","name":"Familles Stroh &amp; Co","description":"R\u00e9cits des familles Stroh &amp; Co du Saint Empire Germanique \u00e0 aujourd&#039;hui","potentialAction":[{"@type":"SearchAction","target":{"@type":"EntryPoint","urlTemplate":"https:\/\/strohteam.fr\/?s={search_term_string}"},"query-input":"required name=search_term_string"}],"inLanguage":"fr-FR"}]}},"_links":{"self":[{"href":"https:\/\/strohteam.fr\/index.php\/wp-json\/wp\/v2\/pages\/2642","targetHints":{"allow":["GET"]}}],"collection":[{"href":"https:\/\/strohteam.fr\/index.php\/wp-json\/wp\/v2\/pages"}],"about":[{"href":"https:\/\/strohteam.fr\/index.php\/wp-json\/wp\/v2\/types\/page"}],"author":[{"embeddable":true,"href":"https:\/\/strohteam.fr\/index.php\/wp-json\/wp\/v2\/users\/2"}],"replies":[{"embeddable":true,"href":"https:\/\/strohteam.fr\/index.php\/wp-json\/wp\/v2\/comments?post=2642"}],"version-history":[{"count":8,"href":"https:\/\/strohteam.fr\/index.php\/wp-json\/wp\/v2\/pages\/2642\/revisions"}],"predecessor-version":[{"id":2858,"href":"https:\/\/strohteam.fr\/index.php\/wp-json\/wp\/v2\/pages\/2642\/revisions\/2858"}],"wp:featuredmedia":[{"embeddable":true,"href":"https:\/\/strohteam.fr\/index.php\/wp-json\/wp\/v2\/media\/2661"}],"wp:attachment":[{"href":"https:\/\/strohteam.fr\/index.php\/wp-json\/wp\/v2\/media?parent=2642"}],"curies":[{"name":"wp","href":"https:\/\/api.w.org\/{rel}","templated":true}]}}