{"id":1787,"date":"2023-04-19T09:34:53","date_gmt":"2023-04-19T07:34:53","guid":{"rendered":"https:\/\/strohteam.fr\/?page_id=1787"},"modified":"2025-04-17T19:50:27","modified_gmt":"2025-04-17T17:50:27","slug":"grand-debutant","status":"publish","type":"page","link":"https:\/\/strohteam.fr\/index.php\/grand-debutant\/","title":{"rendered":"Grand D\u00e9butant"},"content":{"rendered":"\n<h1 class=\"wp-block-heading has-text-align-center\">                 Aide pour s&rsquo;y retrouver<\/h1>\n\n\n\n<figure class=\"wp-block-image aligncenter size-full is-style-default\"><img loading=\"lazy\" decoding=\"async\" width=\"640\" height=\"179\" src=\"https:\/\/strohteam.fr\/wp-content\/uploads\/2023\/04\/technology-g41d4b6562_640.jpg\" alt=\"\" class=\"wp-image-936\" srcset=\"https:\/\/strohteam.fr\/wp-content\/uploads\/2023\/04\/technology-g41d4b6562_640.jpg 640w, https:\/\/strohteam.fr\/wp-content\/uploads\/2023\/04\/technology-g41d4b6562_640-480x134.jpg 480w\" sizes=\"auto, (min-width: 0px) and (max-width: 480px) 480px, (min-width: 481px) 640px, 100vw\" \/><\/figure>\n\n\n\n<p class=\"has-text-align-center\">Si vous \u00eates perdus sur le site: utiliser la <mark style=\"background-color:rgba(0, 0, 0, 0)\" class=\"has-inline-color has-black-color\"><strong>barre des menu<\/strong><\/mark> affich\u00e9e ci-dessous, toujours active en haut du site <strong>stroteam.com<\/strong>.<\/p>\n\n\n\n<figure class=\"wp-block-image aligncenter size-full wp-duotone-000000-fcb900-1\"><img loading=\"lazy\" decoding=\"async\" width=\"832\" height=\"68\" src=\"https:\/\/strohteam.fr\/wp-content\/uploads\/2023\/04\/Menu.jpg\" alt=\"\" class=\"wp-image-937\" srcset=\"https:\/\/strohteam.fr\/wp-content\/uploads\/2023\/04\/Menu.jpg 832w, https:\/\/strohteam.fr\/wp-content\/uploads\/2023\/04\/Menu-480x39.jpg 480w\" sizes=\"auto, (min-width: 0px) and (max-width: 480px) 480px, (min-width: 481px) 832px, 100vw\" \/><\/figure>\n\n\n\n<p class=\"has-text-align-center\">Affich\u00e9e en permanence cette <strong>barre des menus <\/strong>vous permet de naviguer de page en page. Certaines pages peuvent en contenir d&rsquo;autres. La page active est affich\u00e9e en <mark style=\"background-color:rgba(0, 0, 0, 0)\" class=\"has-inline-color has-vivid-cyan-blue-color\">bleue<\/mark>.<\/p>\n\n\n\n<figure class=\"wp-block-table is-style-regular has-medium-font-size\"><table><tbody><tr><td><strong>Menu<\/strong><\/td><td class=\"has-text-align-center\" data-align=\"center\"><strong>Contenu<\/strong> des pages<\/td><\/tr><tr><td><strong><mark><mark style=\"background-color:#fcb900\" class=\"has-inline-color has-black-color\">Accueil<\/mark><\/mark><\/strong><\/td><td class=\"has-text-align-center\" data-align=\"center\">Pr\u00e9sente le site. Des boutons dans la page permettent aussi de changer de page.<\/td><\/tr><tr><td><mark><mark style=\"background-color:#fcb900\" class=\"has-inline-color\"><strong>R\u00e9cits<\/strong><\/mark><\/mark><\/td><td class=\"has-text-align-center\" data-align=\"center\">Essentiellement les \u00ab\u00a0histoires\u00a0\u00bb des familles Stroh et apparent\u00e9es.<\/td><\/tr><tr><td><mark><strong><mark style=\"background-color:#fcb900\" class=\"has-inline-color\">Arbres<\/mark><\/strong><\/mark><\/td><td class=\"has-text-align-center\" data-align=\"center\">Essentiellement des arbres g\u00e9n\u00e9alogiques en version pdf.<\/td><\/tr><tr><td><strong><mark style=\"background-color:#fcb900\" class=\"has-inline-color has-black-color\">Zoom<\/mark><\/strong><\/td><td class=\"has-text-align-center\" data-align=\"center\"><strong>Sous-pages<\/strong> sur une 10aine de \u00ab\u00a0personnage\u00a0\u00bb de la famille au sens large ou d\u2019\u00e9v\u00e9nements int\u00e9ressants, qui regroupent informations et\/ou documents les concernant.<\/td><\/tr><tr><td><strong><mark style=\"background-color:#fcb900\" class=\"has-inline-color\">Documents<\/mark><\/strong><\/td><td class=\"has-text-align-center\" data-align=\"center\">Documents divers<\/td><\/tr><tr><td><mark style=\"background-color:#fcb900\" class=\"has-inline-color\"><strong>Galerie<\/strong><\/mark><\/td><td class=\"has-text-align-center\" data-align=\"center\">R\u00e9pertoires de Photo et de documents . Pour les documents c&rsquo;est <mark style=\"background-color:rgba(0, 0, 0, 0)\" class=\"has-inline-color has-vivid-red-color\">\u00e0 venir<\/mark>&#8230;<\/td><\/tr><tr><td><strong><mark style=\"background-color:#fcb900\" class=\"has-inline-color has-black-color\">Blog<\/mark><\/strong><\/td><td class=\"has-text-align-center\" data-align=\"center\"><strong>Articles\u00a0\u00bbautonomes\u00a0\u00bb<\/strong>. Cliquer sur le r\u00e9sum\u00e9 de l&rsquo;article ou de sa photo pour l&rsquo;afficher sur toutes la page.<\/td><\/tr><tr><td><strong><mark style=\"background-color:#fcb900\" class=\"has-inline-color has-black-color\">Contact<\/mark><\/strong><\/td><td class=\"has-text-align-center\" data-align=\"center\">Contacter le site et\/ou envoyer des documents \u00e9lectroniques pour contribuer.<\/td><\/tr><tr><td><strong><mark style=\"background-color:#fcb900\" class=\"has-inline-color has-black-color\">Rechercher <\/mark><\/strong><br><strong><em><mark style=\"background-color:#ffffff\" class=\"has-inline-color has-black-color\">(la loupe)<\/mark><\/em><\/strong><\/td><td class=\"has-text-align-center\" data-align=\"center\">&#8230; standard&#8230;<\/td><\/tr><\/tbody><\/table><\/figure>\n\n\n\n<figure class=\"wp-block-table has-medium-font-size\"><table><tbody><tr><td>Pour revenir au menu ou \u00e0 la page pr\u00e9c\u00e9dente, fl\u00e8che gauche, au coin haut-gauche du site<\/td><td><img loading=\"lazy\" decoding=\"async\" width=\"80\" height=\"73\" class=\"wp-image-959\" style=\"width: 80px;\" src=\"https:\/\/strohteam.fr\/wp-content\/uploads\/2023\/04\/fleche.jpg\" alt=\"\"><\/td><\/tr><\/tbody><\/table><\/figure>\n\n\n\n<figure class=\"wp-block-table has-medium-font-size\"><table><tbody><tr><td>Certaines images ou document sont cliquables : taille augment\u00e9e sans \u00eatre full screen. En sortir par <strong>Echap\/Esc<\/strong> au clavier. <\/td><td><img loading=\"lazy\" decoding=\"async\" width=\"129\" height=\"96\" class=\"wp-image-2669\" style=\"width: 129px;\" src=\"https:\/\/strohteam.fr\/wp-content\/uploads\/2023\/05\/echap.jpg\" alt=\"\"><\/td><\/tr><\/tbody><\/table><\/figure>\n\n\n\n<figure class=\"wp-block-table has-medium-font-size\"><table><tbody><tr><td>Certaines images sont \u00e9quip\u00e9es d&rsquo;un <strong>bouton cliquable<\/strong> pour affichage en tr\u00e8s grande taille, en particulier dans le le menu \u00ab\u00a0<strong>zoom<\/strong>\u00ab\u00a0. Souvent \u00ab\u00a0full screen\u00a0\u00bb.<\/td><td><img loading=\"lazy\" decoding=\"async\" width=\"180\" height=\"175\" class=\"wp-image-2671\" style=\"width: 180px;\" src=\"https:\/\/strohteam.fr\/wp-content\/uploads\/2023\/05\/2-Boutons.jpg\" alt=\"\"><\/td><\/tr><\/tbody><\/table><\/figure>\n","protected":false},"excerpt":{"rendered":"<p>Aide pour s&rsquo;y retrouver Si vous \u00eates perdus sur le site: utiliser la barre des menu affich\u00e9e ci-dessous, toujours active en haut du site stroteam.com. Affich\u00e9e en permanence cette barre des menus vous permet de naviguer de page en page. Certaines pages peuvent en contenir d&rsquo;autres. La page active est affich\u00e9e en bleue. Menu Contenu [&hellip;]<\/p>\n","protected":false},"author":2,"featured_media":695,"parent":0,"menu_order":0,"comment_status":"closed","ping_status":"closed","template":"","meta":{"_et_pb_use_builder":"off","_et_pb_old_content":"<!-- wp:heading {\"textAlign\":\"center\",\"level\":1} -->\n<h1 class=\"has-text-align-center\">                 Aide pour s'y retrouver<\/h1>\n<!-- \/wp:heading -->\n\n<!-- wp:image {\"align\":\"center\",\"id\":936,\"sizeSlug\":\"full\",\"linkDestination\":\"none\",\"className\":\"is-style-default\"} -->\n<figure class=\"wp-block-image aligncenter size-full is-style-default\"><img src=\"https:\/\/strohteam.fr\/wp-content\/uploads\/2023\/04\/technology-g41d4b6562_640.jpg\" alt=\"\" class=\"wp-image-936\"\/><\/figure>\n<!-- \/wp:image -->\n\n<!-- wp:paragraph {\"align\":\"center\"} -->\n<p class=\"has-text-align-center\">Si vous \u00eates perdus sur le site:  utiliser la <mark style=\"background-color:rgba(0, 0, 0, 0)\" class=\"has-inline-color has-black-color\">barre des menu<\/mark> affich\u00e9e ci-dessous,active en haut du site <strong>stroteam.com<\/strong>.<\/p>\n<!-- \/wp:paragraph -->\n\n<!-- wp:image {\"align\":\"center\",\"id\":937,\"sizeSlug\":\"full\",\"linkDestination\":\"none\",\"style\":{\"color\":{\"duotone\":[\"#000000\",\"#fcb900\"]}}} -->\n<figure class=\"wp-block-image aligncenter size-full\"><img src=\"https:\/\/strohteam.fr\/wp-content\/uploads\/2023\/04\/Menu.jpg\" alt=\"\" class=\"wp-image-937\"\/><\/figure>\n<!-- \/wp:image -->\n\n<!-- wp:paragraph {\"align\":\"center\"} -->\n<p class=\"has-text-align-center\">Affich\u00e9e en permanence cette <strong>barre des menus <\/strong>vous permet de naviguer de page en page. Certaines pages peuvent en contenir d'autres. La page active est affich\u00e9e en <mark style=\"background-color:rgba(0, 0, 0, 0)\" class=\"has-inline-color has-vivid-cyan-blue-color\">bleue<\/mark>.<\/p>\n<!-- \/wp:paragraph -->\n\n<!-- wp:table {\"className\":\"is-style-regular\",\"fontSize\":\"medium\"} -->\n<figure class=\"wp-block-table is-style-regular has-medium-font-size\"><table><tbody><tr><td><strong>Menu<\/strong><\/td><td class=\"has-text-align-center\" data-align=\"center\"><strong>Contenu<\/strong> des pages<\/td><\/tr><tr><td><strong><mark><mark style=\"background-color:#fcb900\" class=\"has-inline-color has-black-color\">Accueil<\/mark><\/mark><\/strong><\/td><td class=\"has-text-align-center\" data-align=\"center\">Pr\u00e9sente le site. Des boutons dans la page permettent aussi de changer de page.<\/td><\/tr><tr><td><mark><mark style=\"background-color:#fcb900\" class=\"has-inline-color\"><strong>R\u00e9cit<\/strong>s<\/mark><\/mark><\/td><td class=\"has-text-align-center\" data-align=\"center\">Essentiellement les \"histoires\" des familles Stroh et apparent\u00e9es.<\/td><\/tr><tr><td><mark><strong><mark style=\"background-color:#fcb900\" class=\"has-inline-color\">Arbres<\/mark><\/strong><\/mark><\/td><td class=\"has-text-align-center\" data-align=\"center\">Essentiellement des arbres g\u00e9n\u00e9alogiques en version pdf.<\/td><\/tr><tr><td><strong><mark style=\"background-color:#fcb900\" class=\"has-inline-color has-black-color\">Zoom<\/mark><\/strong><\/td><td class=\"has-text-align-center\" data-align=\"center\"><strong>Sous-pages<\/strong> sur une 10aine de \"personnage\" de la famille au sens large ou d\u2019\u00e9v\u00e9nements int\u00e9ressants, qui regroupent informations et\/ou documents les concernant.<\/td><\/tr><tr><td><mark style=\"background-color:#fcb900\" class=\"has-inline-color\"><strong>Galerie<\/strong><\/mark><\/td><td class=\"has-text-align-center\" data-align=\"center\">R\u00e9pertoires de Photo et de documents . Pour les documents c'est \u00e0 venir...<\/td><\/tr><tr><td><strong><mark style=\"background-color:#fcb900\" class=\"has-inline-color has-black-color\">Blog<\/mark><\/strong><\/td><td class=\"has-text-align-center\" data-align=\"center\"><strong>Articles\"autonomes\"<\/strong>. Cliquer sur le r\u00e9sum\u00e9 de l'article ou de sa photo pour l'afficher sur toutes la page.<\/td><\/tr><tr><td><strong><mark style=\"background-color:#fcb900\" class=\"has-inline-color has-black-color\">Contact<\/mark><\/strong><\/td><td class=\"has-text-align-center\" data-align=\"center\">Contacter le site et\/ou envoyer des documents \u00e9lectroniques pour contribuer.<\/td><\/tr><tr><td><strong><mark style=\"background-color:#fcb900\" class=\"has-inline-color has-black-color\">Rechercher <\/mark><\/strong><br><strong><em><mark style=\"background-color:#ffffff\" class=\"has-inline-color has-black-color\">(la loupe)<\/mark><\/em><\/strong><\/td><td class=\"has-text-align-center\" data-align=\"center\">... standard...<\/td><\/tr><\/tbody><\/table><\/figure>\n<!-- \/wp:table -->\n\n<!-- wp:table {\"fontSize\":\"medium\"} -->\n<figure class=\"wp-block-table has-medium-font-size\"><table><tbody><tr><td>Pour revenir au menu ou \u00e0 la page pr\u00e9c\u00e9dente, fl\u00e8che gauche, au coin haut-gauche du site<\/td><td><img class=\"wp-image-959\" style=\"width: 80px;\" src=\"https:\/\/strohteam.fr\/wp-content\/uploads\/2023\/04\/fleche.jpg\" alt=\"\"><\/td><\/tr><\/tbody><\/table><\/figure>\n<!-- \/wp:table -->\n\n<!-- wp:table {\"fontSize\":\"medium\"} -->\n<figure class=\"wp-block-table has-medium-font-size\"><table><tbody><tr><td>Certaines images sont cliquables : taille augment\u00e9e sans \u00eatre full screen<\/td><td><img class=\"wp-image-996\" style=\"width: 100px;\" src=\"https:\/\/strohteam.fr\/wp-content\/uploads\/2023\/04\/ArbreMicro.jpg\" alt=\"\"><\/td><\/tr><\/tbody><\/table><\/figure>\n<!-- \/wp:table -->\n\n<!-- wp:table {\"fontSize\":\"medium\"} -->\n<figure class=\"wp-block-table has-medium-font-size\"><table><tbody><tr><td>Certaines images sont \u00e9quip\u00e9es d'un <strong>bouton cliquable<\/strong> pour affichage en tr\u00e8s grande taille, en particulier dans le le menu \"<strong>zoom<\/strong>\". Souvent \"full screen\".<\/td><td><img class=\"wp-image-1043\" style=\"width: 180px;\" src=\"https:\/\/strohteam.fr\/wp-content\/uploads\/2023\/04\/Bonton-agrandir.jpg\" alt=\"\"><\/td><\/tr><\/tbody><\/table><\/figure>\n<!-- \/wp:table -->","_et_gb_content_width":"","footnotes":""},"class_list":["post-1787","page","type-page","status-publish","has-post-thumbnail","hentry"],"yoast_head":"<!-- This site is optimized with the Yoast SEO plugin v20.5 - https:\/\/yoast.com\/wordpress\/plugins\/seo\/ -->\n<title>Grand D\u00e9butant - Familles Stroh &amp; Co<\/title>\n<meta name=\"robots\" content=\"index, follow, max-snippet:-1, max-image-preview:large, max-video-preview:-1\" \/>\n<link rel=\"canonical\" href=\"https:\/\/strohteam.fr\/index.php\/grand-debutant\/\" \/>\n<meta property=\"og:locale\" content=\"fr_FR\" \/>\n<meta property=\"og:type\" content=\"article\" \/>\n<meta property=\"og:title\" content=\"Grand D\u00e9butant - Familles Stroh &amp; Co\" \/>\n<meta property=\"og:description\" content=\"Aide pour s&rsquo;y retrouver Si vous \u00eates perdus sur le site: utiliser la barre des menu affich\u00e9e ci-dessous, toujours active en haut du site stroteam.com. Affich\u00e9e en permanence cette barre des menus vous permet de naviguer de page en page. Certaines pages peuvent en contenir d&rsquo;autres. La page active est affich\u00e9e en bleue. Menu Contenu [&hellip;]\" \/>\n<meta property=\"og:url\" content=\"https:\/\/strohteam.fr\/index.php\/grand-debutant\/\" \/>\n<meta property=\"og:site_name\" content=\"Familles Stroh &amp; Co\" \/>\n<meta property=\"article:modified_time\" content=\"2025-04-17T17:50:27+00:00\" \/>\n<meta property=\"og:image\" content=\"http:\/\/strohteam.fr\/wp-content\/uploads\/2023\/04\/DSC00215_6_7_tonemapped-W.jpg\" \/>\n\t<meta property=\"og:image:width\" content=\"1900\" \/>\n\t<meta property=\"og:image:height\" content=\"974\" \/>\n\t<meta property=\"og:image:type\" content=\"image\/jpeg\" \/>\n<meta name=\"twitter:card\" content=\"summary_large_image\" \/>\n<meta name=\"twitter:label1\" content=\"Dur\u00e9e de lecture estim\u00e9e\" \/>\n\t<meta name=\"twitter:data1\" content=\"3 minutes\" \/>\n<script type=\"application\/ld+json\" class=\"yoast-schema-graph\">{\"@context\":\"https:\/\/schema.org\",\"@graph\":[{\"@type\":\"WebPage\",\"@id\":\"https:\/\/strohteam.fr\/index.php\/grand-debutant\/\",\"url\":\"https:\/\/strohteam.fr\/index.php\/grand-debutant\/\",\"name\":\"Grand D\u00e9butant - Familles Stroh &amp; Co\",\"isPartOf\":{\"@id\":\"https:\/\/strohteam.fr\/#website\"},\"datePublished\":\"2023-04-19T07:34:53+00:00\",\"dateModified\":\"2025-04-17T17:50:27+00:00\",\"breadcrumb\":{\"@id\":\"https:\/\/strohteam.fr\/index.php\/grand-debutant\/#breadcrumb\"},\"inLanguage\":\"fr-FR\",\"potentialAction\":[{\"@type\":\"ReadAction\",\"target\":[\"https:\/\/strohteam.fr\/index.php\/grand-debutant\/\"]}]},{\"@type\":\"BreadcrumbList\",\"@id\":\"https:\/\/strohteam.fr\/index.php\/grand-debutant\/#breadcrumb\",\"itemListElement\":[{\"@type\":\"ListItem\",\"position\":1,\"name\":\"Accueil\",\"item\":\"https:\/\/strohteam.fr\/\"},{\"@type\":\"ListItem\",\"position\":2,\"name\":\"Grand D\u00e9butant\"}]},{\"@type\":\"WebSite\",\"@id\":\"https:\/\/strohteam.fr\/#website\",\"url\":\"https:\/\/strohteam.fr\/\",\"name\":\"Familles Stroh &amp; Co\",\"description\":\"R\u00e9cits des familles Stroh &amp; Co du Saint Empire Germanique \u00e0 aujourd&#039;hui\",\"potentialAction\":[{\"@type\":\"SearchAction\",\"target\":{\"@type\":\"EntryPoint\",\"urlTemplate\":\"https:\/\/strohteam.fr\/?s={search_term_string}\"},\"query-input\":\"required name=search_term_string\"}],\"inLanguage\":\"fr-FR\"}]}<\/script>\n<!-- \/ Yoast SEO plugin. -->","yoast_head_json":{"title":"Grand D\u00e9butant - Familles Stroh &amp; Co","robots":{"index":"index","follow":"follow","max-snippet":"max-snippet:-1","max-image-preview":"max-image-preview:large","max-video-preview":"max-video-preview:-1"},"canonical":"https:\/\/strohteam.fr\/index.php\/grand-debutant\/","og_locale":"fr_FR","og_type":"article","og_title":"Grand D\u00e9butant - Familles Stroh &amp; Co","og_description":"Aide pour s&rsquo;y retrouver Si vous \u00eates perdus sur le site: utiliser la barre des menu affich\u00e9e ci-dessous, toujours active en haut du site stroteam.com. Affich\u00e9e en permanence cette barre des menus vous permet de naviguer de page en page. Certaines pages peuvent en contenir d&rsquo;autres. La page active est affich\u00e9e en bleue. Menu Contenu [&hellip;]","og_url":"https:\/\/strohteam.fr\/index.php\/grand-debutant\/","og_site_name":"Familles Stroh &amp; Co","article_modified_time":"2025-04-17T17:50:27+00:00","og_image":[{"width":1900,"height":974,"url":"http:\/\/strohteam.fr\/wp-content\/uploads\/2023\/04\/DSC00215_6_7_tonemapped-W.jpg","type":"image\/jpeg"}],"twitter_card":"summary_large_image","twitter_misc":{"Dur\u00e9e de lecture estim\u00e9e":"3 minutes"},"schema":{"@context":"https:\/\/schema.org","@graph":[{"@type":"WebPage","@id":"https:\/\/strohteam.fr\/index.php\/grand-debutant\/","url":"https:\/\/strohteam.fr\/index.php\/grand-debutant\/","name":"Grand D\u00e9butant - Familles Stroh &amp; Co","isPartOf":{"@id":"https:\/\/strohteam.fr\/#website"},"datePublished":"2023-04-19T07:34:53+00:00","dateModified":"2025-04-17T17:50:27+00:00","breadcrumb":{"@id":"https:\/\/strohteam.fr\/index.php\/grand-debutant\/#breadcrumb"},"inLanguage":"fr-FR","potentialAction":[{"@type":"ReadAction","target":["https:\/\/strohteam.fr\/index.php\/grand-debutant\/"]}]},{"@type":"BreadcrumbList","@id":"https:\/\/strohteam.fr\/index.php\/grand-debutant\/#breadcrumb","itemListElement":[{"@type":"ListItem","position":1,"name":"Accueil","item":"https:\/\/strohteam.fr\/"},{"@type":"ListItem","position":2,"name":"Grand D\u00e9butant"}]},{"@type":"WebSite","@id":"https:\/\/strohteam.fr\/#website","url":"https:\/\/strohteam.fr\/","name":"Familles Stroh &amp; Co","description":"R\u00e9cits des familles Stroh &amp; Co du Saint Empire Germanique \u00e0 aujourd&#039;hui","potentialAction":[{"@type":"SearchAction","target":{"@type":"EntryPoint","urlTemplate":"https:\/\/strohteam.fr\/?s={search_term_string}"},"query-input":"required name=search_term_string"}],"inLanguage":"fr-FR"}]}},"_links":{"self":[{"href":"https:\/\/strohteam.fr\/index.php\/wp-json\/wp\/v2\/pages\/1787","targetHints":{"allow":["GET"]}}],"collection":[{"href":"https:\/\/strohteam.fr\/index.php\/wp-json\/wp\/v2\/pages"}],"about":[{"href":"https:\/\/strohteam.fr\/index.php\/wp-json\/wp\/v2\/types\/page"}],"author":[{"embeddable":true,"href":"https:\/\/strohteam.fr\/index.php\/wp-json\/wp\/v2\/users\/2"}],"replies":[{"embeddable":true,"href":"https:\/\/strohteam.fr\/index.php\/wp-json\/wp\/v2\/comments?post=1787"}],"version-history":[{"count":16,"href":"https:\/\/strohteam.fr\/index.php\/wp-json\/wp\/v2\/pages\/1787\/revisions"}],"predecessor-version":[{"id":4521,"href":"https:\/\/strohteam.fr\/index.php\/wp-json\/wp\/v2\/pages\/1787\/revisions\/4521"}],"wp:featuredmedia":[{"embeddable":true,"href":"https:\/\/strohteam.fr\/index.php\/wp-json\/wp\/v2\/media\/695"}],"wp:attachment":[{"href":"https:\/\/strohteam.fr\/index.php\/wp-json\/wp\/v2\/media?parent=1787"}],"curies":[{"name":"wp","href":"https:\/\/api.w.org\/{rel}","templated":true}]}}