{"id":1506,"date":"2023-04-17T17:29:57","date_gmt":"2023-04-17T15:29:57","guid":{"rendered":"https:\/\/strohteam.fr\/?page_id=1506"},"modified":"2025-04-17T23:15:47","modified_gmt":"2025-04-17T21:15:47","slug":"arbres","status":"publish","type":"page","link":"https:\/\/strohteam.fr\/index.php\/arbres\/","title":{"rendered":"Arbres"},"content":{"rendered":"","protected":true},"excerpt":{"rendered":"","protected":true},"author":2,"featured_media":0,"parent":0,"menu_order":0,"comment_status":"closed","ping_status":"closed","template":"","meta":{"_et_pb_use_builder":"on","_et_pb_old_content":"","_et_gb_content_width":"","footnotes":""},"class_list":["post-1506","page","type-page","status-publish","post-password-required","hentry"],"yoast_head":"<!-- This site is optimized with the Yoast SEO plugin v20.5 - https:\/\/yoast.com\/wordpress\/plugins\/seo\/ -->\n<title>Stroh - Ortlieb -Wehrung - Saint Empire Germanique - F\u00e9netrange - Mittersheim<\/title>\n<meta name=\"description\" content=\"G\u00e9n\u00e9alogie et histoires des Stroh, Straw, Ortlieb, Dannenberger, Wehrung, Baudoin, Borel, Geylard, Wack, Quirin \u00e0 partir du Saint Empire Germanique en passant par la baronnie de F\u00e9n\u00e9trange et l&#039;Alsace Bossue.\" \/>\n<meta name=\"robots\" content=\"index, follow, max-snippet:-1, max-image-preview:large, max-video-preview:-1\" \/>\n<link rel=\"canonical\" href=\"https:\/\/strohteam.fr\/index.php\/arbres\/\" \/>\n<meta property=\"og:locale\" content=\"fr_FR\" \/>\n<meta property=\"og:type\" content=\"article\" \/>\n<meta property=\"og:title\" content=\"Stroh - Ortlieb -Wehrung - Saint Empire Germanique - F\u00e9netrange - Mittersheim\" \/>\n<meta property=\"og:description\" content=\"G\u00e9n\u00e9alogie et histoires des Stroh, Straw, Ortlieb, Dannenberger, Wehrung, Baudoin, Borel, Geylard, Wack, Quirin \u00e0 partir du Saint Empire Germanique en passant par la baronnie de F\u00e9n\u00e9trange et l&#039;Alsace Bossue.\" \/>\n<meta property=\"og:url\" content=\"https:\/\/strohteam.fr\/index.php\/arbres\/\" \/>\n<meta property=\"og:site_name\" content=\"Familles Stroh &amp; Co\" \/>\n<meta property=\"article:modified_time\" content=\"2025-04-17T21:15:47+00:00\" \/>\n<meta name=\"twitter:card\" content=\"summary_large_image\" \/>\n<meta name=\"twitter:label1\" content=\"Dur\u00e9e de lecture estim\u00e9e\" \/>\n\t<meta name=\"twitter:data1\" content=\"6 minutes\" \/>\n<script type=\"application\/ld+json\" class=\"yoast-schema-graph\">{\"@context\":\"https:\/\/schema.org\",\"@graph\":[{\"@type\":\"WebPage\",\"@id\":\"https:\/\/strohteam.fr\/index.php\/arbres\/\",\"url\":\"https:\/\/strohteam.fr\/index.php\/arbres\/\",\"name\":\"Stroh - Ortlieb -Wehrung - Saint Empire Germanique - F\u00e9netrange - Mittersheim\",\"isPartOf\":{\"@id\":\"https:\/\/strohteam.fr\/#website\"},\"datePublished\":\"2023-04-17T15:29:57+00:00\",\"dateModified\":\"2025-04-17T21:15:47+00:00\",\"breadcrumb\":{\"@id\":\"https:\/\/strohteam.fr\/index.php\/arbres\/#breadcrumb\"},\"inLanguage\":\"fr-FR\"},{\"@type\":\"WebSite\",\"@id\":\"https:\/\/strohteam.fr\/#website\",\"url\":\"https:\/\/strohteam.fr\/\",\"name\":\"Familles Stroh &amp; Co\",\"description\":\"R\u00e9cits des familles Stroh &amp; Co du Saint Empire Germanique \u00e0 aujourd&#039;hui\",\"potentialAction\":[{\"@type\":\"SearchAction\",\"target\":{\"@type\":\"EntryPoint\",\"urlTemplate\":\"https:\/\/strohteam.fr\/?s={search_term_string}\"},\"query-input\":\"required name=search_term_string\"}],\"inLanguage\":\"fr-FR\"}]}<\/script>\n<!-- \/ Yoast SEO plugin. -->","yoast_head_json":{"title":"Stroh - Ortlieb -Wehrung - Saint Empire Germanique - F\u00e9netrange - Mittersheim","description":"G\u00e9n\u00e9alogie et histoires des Stroh, Straw, Ortlieb, Dannenberger, Wehrung, Baudoin, Borel, Geylard, Wack, Quirin \u00e0 partir du Saint Empire Germanique en passant par la baronnie de F\u00e9n\u00e9trange et l'Alsace Bossue.","robots":{"index":"index","follow":"follow","max-snippet":"max-snippet:-1","max-image-preview":"max-image-preview:large","max-video-preview":"max-video-preview:-1"},"canonical":"https:\/\/strohteam.fr\/index.php\/arbres\/","og_locale":"fr_FR","og_type":"article","og_title":"Stroh - Ortlieb -Wehrung - Saint Empire Germanique - F\u00e9netrange - Mittersheim","og_description":"G\u00e9n\u00e9alogie et histoires des Stroh, Straw, Ortlieb, Dannenberger, Wehrung, Baudoin, Borel, Geylard, Wack, Quirin \u00e0 partir du Saint Empire Germanique en passant par la baronnie de F\u00e9n\u00e9trange et l'Alsace Bossue.","og_url":"https:\/\/strohteam.fr\/index.php\/arbres\/","og_site_name":"Familles Stroh &amp; Co","article_modified_time":"2025-04-17T21:15:47+00:00","twitter_card":"summary_large_image","twitter_misc":{"Dur\u00e9e de lecture estim\u00e9e":"6 minutes"},"schema":{"@context":"https:\/\/schema.org","@graph":[{"@type":"WebPage","@id":"https:\/\/strohteam.fr\/index.php\/arbres\/","url":"https:\/\/strohteam.fr\/index.php\/arbres\/","name":"Stroh - Ortlieb -Wehrung - Saint Empire Germanique - F\u00e9netrange - Mittersheim","isPartOf":{"@id":"https:\/\/strohteam.fr\/#website"},"datePublished":"2023-04-17T15:29:57+00:00","dateModified":"2025-04-17T21:15:47+00:00","breadcrumb":{"@id":"https:\/\/strohteam.fr\/index.php\/arbres\/#breadcrumb"},"inLanguage":"fr-FR"},{"@type":"WebSite","@id":"https:\/\/strohteam.fr\/#website","url":"https:\/\/strohteam.fr\/","name":"Familles Stroh &amp; Co","description":"R\u00e9cits des familles Stroh &amp; Co du Saint Empire Germanique \u00e0 aujourd&#039;hui","potentialAction":[{"@type":"SearchAction","target":{"@type":"EntryPoint","urlTemplate":"https:\/\/strohteam.fr\/?s={search_term_string}"},"query-input":"required name=search_term_string"}],"inLanguage":"fr-FR"}]}},"_links":{"self":[{"href":"https:\/\/strohteam.fr\/index.php\/wp-json\/wp\/v2\/pages\/1506","targetHints":{"allow":["GET"]}}],"collection":[{"href":"https:\/\/strohteam.fr\/index.php\/wp-json\/wp\/v2\/pages"}],"about":[{"href":"https:\/\/strohteam.fr\/index.php\/wp-json\/wp\/v2\/types\/page"}],"author":[{"embeddable":true,"href":"https:\/\/strohteam.fr\/index.php\/wp-json\/wp\/v2\/users\/2"}],"replies":[{"embeddable":true,"href":"https:\/\/strohteam.fr\/index.php\/wp-json\/wp\/v2\/comments?post=1506"}],"version-history":[{"count":65,"href":"https:\/\/strohteam.fr\/index.php\/wp-json\/wp\/v2\/pages\/1506\/revisions"}],"predecessor-version":[{"id":4531,"href":"https:\/\/strohteam.fr\/index.php\/wp-json\/wp\/v2\/pages\/1506\/revisions\/4531"}],"wp:attachment":[{"href":"https:\/\/strohteam.fr\/index.php\/wp-json\/wp\/v2\/media?parent=1506"}],"curies":[{"name":"wp","href":"https:\/\/api.w.org\/{rel}","templated":true}]}}