{"id":127,"date":"2023-04-01T19:46:18","date_gmt":"2023-04-01T17:46:18","guid":{"rendered":"https:\/\/strohteam.fr\/?page_id=127"},"modified":"2023-05-27T10:02:35","modified_gmt":"2023-05-27T08:02:35","slug":"z-malgrenous","status":"publish","type":"page","link":"https:\/\/strohteam.fr\/index.php\/z-malgrenous\/","title":{"rendered":"Malgr\u00e9-Nous"},"content":{"rendered":"\n<p>Cette page zoom sur quelques Stroh \u00ab\u00a0Malgr\u00e9-nous\u00a0\u00bb et \u00e9voque le camp de Tambov. Un article plus d\u00e9taill\u00e9 sur le <a href=\"https:\/\/strohteam.fr\/index.php\/2023\/05\/22\/les-malgre-nous-au-camp-de-tambov\/\">camp<\/a> est pr\u00e9sent\u00e9 dans la partie blog.<\/p>\n\n\n\n<p><\/p>\n\n\n\n<figure class=\"wp-block-gallery has-nested-images columns-default is-cropped wp-block-gallery-1 is-layout-flex wp-block-gallery-is-layout-flex\">\n<figure class=\"wp-block-image size-large\"><a href=\"https:\/\/strohteam.fr\/index.php\/z-malgrenous\/malgre-nous-s1\/\"><img loading=\"lazy\" decoding=\"async\" width=\"1240\" height=\"697\" data-id=\"1830\" src=\"https:\/\/strohteam.fr\/wp-content\/uploads\/2023\/04\/Malgre-Nous-s1-1240x697.jpg\" alt=\"\" class=\"wp-image-1830\" srcset=\"https:\/\/strohteam.fr\/wp-content\/uploads\/2023\/04\/Malgre-Nous-s1-980x551.jpg 980w, https:\/\/strohteam.fr\/wp-content\/uploads\/2023\/04\/Malgre-Nous-s1-480x270.jpg 480w\" sizes=\"auto, (min-width: 0px) and (max-width: 480px) 480px, (min-width: 481px) and (max-width: 980px) 980px, (min-width: 981px) 1240px, 100vw\" \/><\/a><figcaption class=\"wp-element-caption\">Page 1<\/figcaption><\/figure>\n\n\n\n<figure class=\"wp-block-image size-large\"><a href=\"https:\/\/strohteam.fr\/index.php\/z-malgrenous\/malgre-nous-s2\/\"><img loading=\"lazy\" decoding=\"async\" width=\"1240\" height=\"696\" data-id=\"1831\" src=\"https:\/\/strohteam.fr\/wp-content\/uploads\/2023\/04\/Malgre-Nous-s2-1240x696.jpg\" alt=\"\" class=\"wp-image-1831\" srcset=\"https:\/\/strohteam.fr\/wp-content\/uploads\/2023\/04\/Malgre-Nous-s2-980x550.jpg 980w, https:\/\/strohteam.fr\/wp-content\/uploads\/2023\/04\/Malgre-Nous-s2-480x269.jpg 480w\" sizes=\"auto, (min-width: 0px) and (max-width: 480px) 480px, (min-width: 481px) and (max-width: 980px) 980px, (min-width: 981px) 1240px, 100vw\" \/><\/a><figcaption class=\"wp-element-caption\">Page 2<\/figcaption><\/figure>\n\n\n\n<figure class=\"wp-block-image size-large\"><a href=\"https:\/\/strohteam.fr\/index.php\/z-malgrenous\/malgre-nous-s3\/\"><img loading=\"lazy\" decoding=\"async\" width=\"1240\" height=\"699\" data-id=\"1832\" src=\"https:\/\/strohteam.fr\/wp-content\/uploads\/2023\/04\/Malgre-Nous-s3-1240x699.jpg\" alt=\"\" class=\"wp-image-1832\" srcset=\"https:\/\/strohteam.fr\/wp-content\/uploads\/2023\/04\/Malgre-Nous-s3-980x552.jpg 980w, https:\/\/strohteam.fr\/wp-content\/uploads\/2023\/04\/Malgre-Nous-s3-480x270.jpg 480w\" sizes=\"auto, (min-width: 0px) and (max-width: 480px) 480px, (min-width: 481px) and (max-width: 980px) 980px, (min-width: 981px) 1240px, 100vw\" \/><\/a><figcaption class=\"wp-element-caption\">Page 3<\/figcaption><\/figure>\n<\/figure>\n","protected":false},"excerpt":{"rendered":"<p>Cette page zoom sur quelques Stroh \u00ab\u00a0Malgr\u00e9-nous\u00a0\u00bb et \u00e9voque le camp de Tambov. Un article plus d\u00e9taill\u00e9 sur le camp est pr\u00e9sent\u00e9 dans la partie blog.<\/p>\n","protected":false},"author":2,"featured_media":1060,"parent":0,"menu_order":0,"comment_status":"closed","ping_status":"closed","template":"","meta":{"_et_pb_use_builder":"off","_et_pb_old_content":"","_et_gb_content_width":"","footnotes":""},"class_list":["post-127","page","type-page","status-publish","has-post-thumbnail","hentry"],"yoast_head":"<!-- This site is optimized with the Yoast SEO plugin v20.5 - https:\/\/yoast.com\/wordpress\/plugins\/seo\/ -->\n<title>Stroh - Malgr\u00e9-Nous - Tambow<\/title>\n<meta name=\"description\" content=\"Marcel et Louis Stroh, Malgr\u00e9-Nous et d\u00e9c\u00e9d\u00e9s respectivement en 1945 et 1943, au Camp de Tambow.\" \/>\n<meta name=\"robots\" content=\"index, follow, max-snippet:-1, max-image-preview:large, max-video-preview:-1\" \/>\n<link rel=\"canonical\" href=\"https:\/\/strohteam.fr\/index.php\/z-malgrenous\/\" \/>\n<meta property=\"og:locale\" content=\"fr_FR\" \/>\n<meta property=\"og:type\" content=\"article\" \/>\n<meta property=\"og:title\" content=\"Stroh - Malgr\u00e9-Nous - Tambow\" \/>\n<meta property=\"og:description\" content=\"Marcel et Louis Stroh, Malgr\u00e9-Nous et d\u00e9c\u00e9d\u00e9s respectivement en 1945 et 1943, au Camp de Tambow.\" \/>\n<meta property=\"og:url\" content=\"https:\/\/strohteam.fr\/index.php\/z-malgrenous\/\" \/>\n<meta property=\"og:site_name\" content=\"Familles Stroh &amp; Co\" \/>\n<meta property=\"article:modified_time\" content=\"2023-05-27T08:02:35+00:00\" \/>\n<meta property=\"og:image\" content=\"http:\/\/strohteam.fr\/wp-content\/uploads\/2023\/04\/loupe.jpg\" \/>\n\t<meta property=\"og:image:width\" content=\"1729\" \/>\n\t<meta property=\"og:image:height\" content=\"300\" \/>\n\t<meta property=\"og:image:type\" content=\"image\/jpeg\" \/>\n<meta name=\"twitter:card\" content=\"summary_large_image\" \/>\n<meta name=\"twitter:label1\" content=\"Dur\u00e9e de lecture estim\u00e9e\" \/>\n\t<meta name=\"twitter:data1\" content=\"1 minute\" \/>\n<script type=\"application\/ld+json\" class=\"yoast-schema-graph\">{\"@context\":\"https:\/\/schema.org\",\"@graph\":[{\"@type\":\"WebPage\",\"@id\":\"https:\/\/strohteam.fr\/index.php\/z-malgrenous\/\",\"url\":\"https:\/\/strohteam.fr\/index.php\/z-malgrenous\/\",\"name\":\"Stroh - Malgr\u00e9-Nous - Tambow\",\"isPartOf\":{\"@id\":\"https:\/\/strohteam.fr\/#website\"},\"datePublished\":\"2023-04-01T17:46:18+00:00\",\"dateModified\":\"2023-05-27T08:02:35+00:00\",\"description\":\"Marcel et Louis Stroh, Malgr\u00e9-Nous et d\u00e9c\u00e9d\u00e9s respectivement en 1945 et 1943, au Camp de Tambow.\",\"breadcrumb\":{\"@id\":\"https:\/\/strohteam.fr\/index.php\/z-malgrenous\/#breadcrumb\"},\"inLanguage\":\"fr-FR\",\"potentialAction\":[{\"@type\":\"ReadAction\",\"target\":[\"https:\/\/strohteam.fr\/index.php\/z-malgrenous\/\"]}]},{\"@type\":\"BreadcrumbList\",\"@id\":\"https:\/\/strohteam.fr\/index.php\/z-malgrenous\/#breadcrumb\",\"itemListElement\":[{\"@type\":\"ListItem\",\"position\":1,\"name\":\"Accueil\",\"item\":\"https:\/\/strohteam.fr\/\"},{\"@type\":\"ListItem\",\"position\":2,\"name\":\"Malgr\u00e9-Nous\"}]},{\"@type\":\"WebSite\",\"@id\":\"https:\/\/strohteam.fr\/#website\",\"url\":\"https:\/\/strohteam.fr\/\",\"name\":\"Familles Stroh &amp; Co\",\"description\":\"R\u00e9cits des familles Stroh &amp; Co du Saint Empire Germanique \u00e0 aujourd&#039;hui\",\"potentialAction\":[{\"@type\":\"SearchAction\",\"target\":{\"@type\":\"EntryPoint\",\"urlTemplate\":\"https:\/\/strohteam.fr\/?s={search_term_string}\"},\"query-input\":\"required name=search_term_string\"}],\"inLanguage\":\"fr-FR\"}]}<\/script>\n<!-- \/ Yoast SEO plugin. -->","yoast_head_json":{"title":"Stroh - Malgr\u00e9-Nous - Tambow","description":"Marcel et Louis Stroh, Malgr\u00e9-Nous et d\u00e9c\u00e9d\u00e9s respectivement en 1945 et 1943, au Camp de Tambow.","robots":{"index":"index","follow":"follow","max-snippet":"max-snippet:-1","max-image-preview":"max-image-preview:large","max-video-preview":"max-video-preview:-1"},"canonical":"https:\/\/strohteam.fr\/index.php\/z-malgrenous\/","og_locale":"fr_FR","og_type":"article","og_title":"Stroh - Malgr\u00e9-Nous - Tambow","og_description":"Marcel et Louis Stroh, Malgr\u00e9-Nous et d\u00e9c\u00e9d\u00e9s respectivement en 1945 et 1943, au Camp de Tambow.","og_url":"https:\/\/strohteam.fr\/index.php\/z-malgrenous\/","og_site_name":"Familles Stroh &amp; Co","article_modified_time":"2023-05-27T08:02:35+00:00","og_image":[{"width":1729,"height":300,"url":"http:\/\/strohteam.fr\/wp-content\/uploads\/2023\/04\/loupe.jpg","type":"image\/jpeg"}],"twitter_card":"summary_large_image","twitter_misc":{"Dur\u00e9e de lecture estim\u00e9e":"1 minute"},"schema":{"@context":"https:\/\/schema.org","@graph":[{"@type":"WebPage","@id":"https:\/\/strohteam.fr\/index.php\/z-malgrenous\/","url":"https:\/\/strohteam.fr\/index.php\/z-malgrenous\/","name":"Stroh - Malgr\u00e9-Nous - Tambow","isPartOf":{"@id":"https:\/\/strohteam.fr\/#website"},"datePublished":"2023-04-01T17:46:18+00:00","dateModified":"2023-05-27T08:02:35+00:00","description":"Marcel et Louis Stroh, Malgr\u00e9-Nous et d\u00e9c\u00e9d\u00e9s respectivement en 1945 et 1943, au Camp de Tambow.","breadcrumb":{"@id":"https:\/\/strohteam.fr\/index.php\/z-malgrenous\/#breadcrumb"},"inLanguage":"fr-FR","potentialAction":[{"@type":"ReadAction","target":["https:\/\/strohteam.fr\/index.php\/z-malgrenous\/"]}]},{"@type":"BreadcrumbList","@id":"https:\/\/strohteam.fr\/index.php\/z-malgrenous\/#breadcrumb","itemListElement":[{"@type":"ListItem","position":1,"name":"Accueil","item":"https:\/\/strohteam.fr\/"},{"@type":"ListItem","position":2,"name":"Malgr\u00e9-Nous"}]},{"@type":"WebSite","@id":"https:\/\/strohteam.fr\/#website","url":"https:\/\/strohteam.fr\/","name":"Familles Stroh &amp; Co","description":"R\u00e9cits des familles Stroh &amp; Co du Saint Empire Germanique \u00e0 aujourd&#039;hui","potentialAction":[{"@type":"SearchAction","target":{"@type":"EntryPoint","urlTemplate":"https:\/\/strohteam.fr\/?s={search_term_string}"},"query-input":"required name=search_term_string"}],"inLanguage":"fr-FR"}]}},"_links":{"self":[{"href":"https:\/\/strohteam.fr\/index.php\/wp-json\/wp\/v2\/pages\/127","targetHints":{"allow":["GET"]}}],"collection":[{"href":"https:\/\/strohteam.fr\/index.php\/wp-json\/wp\/v2\/pages"}],"about":[{"href":"https:\/\/strohteam.fr\/index.php\/wp-json\/wp\/v2\/types\/page"}],"author":[{"embeddable":true,"href":"https:\/\/strohteam.fr\/index.php\/wp-json\/wp\/v2\/users\/2"}],"replies":[{"embeddable":true,"href":"https:\/\/strohteam.fr\/index.php\/wp-json\/wp\/v2\/comments?post=127"}],"version-history":[{"count":11,"href":"https:\/\/strohteam.fr\/index.php\/wp-json\/wp\/v2\/pages\/127\/revisions"}],"predecessor-version":[{"id":2851,"href":"https:\/\/strohteam.fr\/index.php\/wp-json\/wp\/v2\/pages\/127\/revisions\/2851"}],"wp:featuredmedia":[{"embeddable":true,"href":"https:\/\/strohteam.fr\/index.php\/wp-json\/wp\/v2\/media\/1060"}],"wp:attachment":[{"href":"https:\/\/strohteam.fr\/index.php\/wp-json\/wp\/v2\/media?parent=127"}],"curies":[{"name":"wp","href":"https:\/\/api.w.org\/{rel}","templated":true}]}}